{"id":4769,"date":"2019-06-12T12:40:17","date_gmt":"2019-06-12T10:40:17","guid":{"rendered":"https:\/\/www.stromosvet.sk\/contact\/"},"modified":"2024-02-05T15:26:50","modified_gmt":"2024-02-05T14:26:50","slug":"contact","status":"publish","type":"page","link":"https:\/\/www.stromosvet.sk\/en\/contact\/","title":{"rendered":"Contact"},"content":{"rendered":"\n<p><strong>If you are interested in cooperation or more information, do not hesitate to contact us.<\/strong><\/p>\n\n<p>Send us a message and we&#8217;ll get back to you.<\/p>\n\n<h4 class=\"wp-block-heading has-text-align-left\"><strong>Stromosvet, o.z.<\/strong><\/h4>\n\n<p><strong>Adresa s\u00eddla<\/strong>: Kozia 766\/25, 811 03 Bratislava<br\/><strong>I\u010cO<\/strong>: 52605655<br\/><strong>DI\u010c:<\/strong> 2121260702<br\/><strong>Pr\u00e1vna forma<\/strong>: ob\u010dianske zdru\u017eenie<br\/><strong>Registr\u00e1cia MV SR<\/strong>: 4.11.2019, VVS\/1-900\/90-57160<br\/><strong>IBAN<\/strong>: SK8509000000005165590689<br\/><strong>Email<\/strong>: <a href=\"mailto:info@stromosvet.sk\"><strong>info@stromosvet.sk<\/strong><\/a><br\/><strong>Telef\u00f3n<\/strong>: +421 949 236 883<\/p>\n\n<p><br\/><\/p>\n\n<p><\/p>\n","protected":false},"excerpt":{"rendered":"<p>If you are interested in cooperation or more information, do not hesitate to contact us. Send us a message and we&#8217;ll get back to you. Stromosvet, o.z. Adresa s\u00eddla: Kozia 766\/25, 811 03 BratislavaI\u010cO: 52605655DI\u010c: 2121260702Pr\u00e1vna forma: ob\u010dianske zdru\u017eenieRegistr\u00e1cia MV SR: 4.11.2019, VVS\/1-900\/90-57160IBAN: SK8509000000005165590689Email: info@stromosvet.skTelef\u00f3n: +421 949 236 883<\/p>\n","protected":false},"author":1,"featured_media":0,"parent":0,"menu_order":0,"comment_status":"closed","ping_status":"closed","template":"","meta":{"_acf_changed":false,"footnotes":""},"class_list":["post-4769","page","type-page","status-publish","hentry"],"acf":[],"yoast_head":"<!-- This site is optimized with the Yoast SEO plugin v27.4 - https:\/\/yoast.com\/product\/yoast-seo-wordpress\/ -->\n<title>Contact - Stromosvet<\/title>\n<meta name=\"description\" content=\"If you are interested in cooperation or more information, do not hesitate to contact us.\" \/>\n<meta name=\"robots\" content=\"index, follow, max-snippet:-1, max-image-preview:large, max-video-preview:-1\" \/>\n<link rel=\"canonical\" href=\"https:\/\/www.stromosvet.sk\/en\/contact\/\" \/>\n<meta property=\"og:locale\" content=\"en_US\" \/>\n<meta property=\"og:type\" content=\"article\" \/>\n<meta property=\"og:title\" content=\"Contact - Stromosvet\" \/>\n<meta property=\"og:description\" content=\"If you are interested in cooperation or more information, do not hesitate to contact us.\" \/>\n<meta property=\"og:url\" content=\"https:\/\/www.stromosvet.sk\/en\/contact\/\" \/>\n<meta property=\"og:site_name\" content=\"Stromosvet\" \/>\n<meta property=\"article:publisher\" content=\"https:\/\/www.facebook.com\/stromosvet\" \/>\n<meta property=\"article:modified_time\" content=\"2024-02-05T14:26:50+00:00\" \/>\n<meta property=\"og:image\" content=\"https:\/\/www.stromosvet.sk\/wp-content\/uploads\/2020\/01\/HOMEPAGE-forest-2800784_1920.jpg\" \/>\n\t<meta property=\"og:image:width\" content=\"1920\" \/>\n\t<meta property=\"og:image:height\" content=\"1280\" \/>\n\t<meta property=\"og:image:type\" content=\"image\/jpeg\" \/>\n<meta name=\"twitter:card\" content=\"summary_large_image\" \/>\n<meta name=\"twitter:label1\" content=\"Est. reading time\" \/>\n\t<meta name=\"twitter:data1\" content=\"1 minute\" \/>\n<script type=\"application\/ld+json\" class=\"yoast-schema-graph\">{\"@context\":\"https:\\\/\\\/schema.org\",\"@graph\":[{\"@type\":\"WebPage\",\"@id\":\"https:\\\/\\\/www.stromosvet.sk\\\/en\\\/contact\\\/\",\"url\":\"https:\\\/\\\/www.stromosvet.sk\\\/en\\\/contact\\\/\",\"name\":\"Contact - Stromosvet\",\"isPartOf\":{\"@id\":\"https:\\\/\\\/www.stromosvet.sk\\\/en\\\/#website\"},\"datePublished\":\"2019-06-12T10:40:17+00:00\",\"dateModified\":\"2024-02-05T14:26:50+00:00\",\"description\":\"If you are interested in cooperation or more information, do not hesitate to contact us.\",\"breadcrumb\":{\"@id\":\"https:\\\/\\\/www.stromosvet.sk\\\/en\\\/contact\\\/#breadcrumb\"},\"inLanguage\":\"en-US\",\"potentialAction\":[{\"@type\":\"ReadAction\",\"target\":[\"https:\\\/\\\/www.stromosvet.sk\\\/en\\\/contact\\\/\"]}]},{\"@type\":\"BreadcrumbList\",\"@id\":\"https:\\\/\\\/www.stromosvet.sk\\\/en\\\/contact\\\/#breadcrumb\",\"itemListElement\":[{\"@type\":\"ListItem\",\"position\":1,\"name\":\"Home\",\"item\":\"https:\\\/\\\/www.stromosvet.sk\\\/en\\\/\"},{\"@type\":\"ListItem\",\"position\":2,\"name\":\"Contact\"}]},{\"@type\":\"WebSite\",\"@id\":\"https:\\\/\\\/www.stromosvet.sk\\\/en\\\/#website\",\"url\":\"https:\\\/\\\/www.stromosvet.sk\\\/en\\\/\",\"name\":\"Stromosvet\",\"description\":\"pre zdravie, pohodu a udr\u017eate\u013enos\u0165\",\"publisher\":{\"@id\":\"https:\\\/\\\/www.stromosvet.sk\\\/en\\\/#organization\"},\"potentialAction\":[{\"@type\":\"SearchAction\",\"target\":{\"@type\":\"EntryPoint\",\"urlTemplate\":\"https:\\\/\\\/www.stromosvet.sk\\\/en\\\/?s={search_term_string}\"},\"query-input\":{\"@type\":\"PropertyValueSpecification\",\"valueRequired\":true,\"valueName\":\"search_term_string\"}}],\"inLanguage\":\"en-US\"},{\"@type\":\"Organization\",\"@id\":\"https:\\\/\\\/www.stromosvet.sk\\\/en\\\/#organization\",\"name\":\"Stromosvet\",\"url\":\"https:\\\/\\\/www.stromosvet.sk\\\/en\\\/\",\"logo\":{\"@type\":\"ImageObject\",\"inLanguage\":\"en-US\",\"@id\":\"https:\\\/\\\/www.stromosvet.sk\\\/en\\\/#\\\/schema\\\/logo\\\/image\\\/\",\"url\":\"https:\\\/\\\/www.stromosvet.sk\\\/wp-content\\\/uploads\\\/2020\\\/01\\\/logo_cele_farebne.png\",\"contentUrl\":\"https:\\\/\\\/www.stromosvet.sk\\\/wp-content\\\/uploads\\\/2020\\\/01\\\/logo_cele_farebne.png\",\"width\":2356,\"height\":1236,\"caption\":\"Stromosvet\"},\"image\":{\"@id\":\"https:\\\/\\\/www.stromosvet.sk\\\/en\\\/#\\\/schema\\\/logo\\\/image\\\/\"},\"sameAs\":[\"https:\\\/\\\/www.facebook.com\\\/stromosvet\",\"https:\\\/\\\/www.instagram.com\\\/stromosvet\",\"https:\\\/\\\/www.linkedin.com\\\/company\\\/stromosvet\"]}]}<\/script>\n<!-- \/ Yoast SEO plugin. -->","yoast_head_json":{"title":"Contact - Stromosvet","description":"If you are interested in cooperation or more information, do not hesitate to contact us.","robots":{"index":"index","follow":"follow","max-snippet":"max-snippet:-1","max-image-preview":"max-image-preview:large","max-video-preview":"max-video-preview:-1"},"canonical":"https:\/\/www.stromosvet.sk\/en\/contact\/","og_locale":"en_US","og_type":"article","og_title":"Contact - Stromosvet","og_description":"If you are interested in cooperation or more information, do not hesitate to contact us.","og_url":"https:\/\/www.stromosvet.sk\/en\/contact\/","og_site_name":"Stromosvet","article_publisher":"https:\/\/www.facebook.com\/stromosvet","article_modified_time":"2024-02-05T14:26:50+00:00","og_image":[{"width":1920,"height":1280,"url":"https:\/\/www.stromosvet.sk\/wp-content\/uploads\/2020\/01\/HOMEPAGE-forest-2800784_1920.jpg","type":"image\/jpeg"}],"twitter_card":"summary_large_image","twitter_misc":{"Est. reading time":"1 minute"},"schema":{"@context":"https:\/\/schema.org","@graph":[{"@type":"WebPage","@id":"https:\/\/www.stromosvet.sk\/en\/contact\/","url":"https:\/\/www.stromosvet.sk\/en\/contact\/","name":"Contact - Stromosvet","isPartOf":{"@id":"https:\/\/www.stromosvet.sk\/en\/#website"},"datePublished":"2019-06-12T10:40:17+00:00","dateModified":"2024-02-05T14:26:50+00:00","description":"If you are interested in cooperation or more information, do not hesitate to contact us.","breadcrumb":{"@id":"https:\/\/www.stromosvet.sk\/en\/contact\/#breadcrumb"},"inLanguage":"en-US","potentialAction":[{"@type":"ReadAction","target":["https:\/\/www.stromosvet.sk\/en\/contact\/"]}]},{"@type":"BreadcrumbList","@id":"https:\/\/www.stromosvet.sk\/en\/contact\/#breadcrumb","itemListElement":[{"@type":"ListItem","position":1,"name":"Home","item":"https:\/\/www.stromosvet.sk\/en\/"},{"@type":"ListItem","position":2,"name":"Contact"}]},{"@type":"WebSite","@id":"https:\/\/www.stromosvet.sk\/en\/#website","url":"https:\/\/www.stromosvet.sk\/en\/","name":"Stromosvet","description":"pre zdravie, pohodu a udr\u017eate\u013enos\u0165","publisher":{"@id":"https:\/\/www.stromosvet.sk\/en\/#organization"},"potentialAction":[{"@type":"SearchAction","target":{"@type":"EntryPoint","urlTemplate":"https:\/\/www.stromosvet.sk\/en\/?s={search_term_string}"},"query-input":{"@type":"PropertyValueSpecification","valueRequired":true,"valueName":"search_term_string"}}],"inLanguage":"en-US"},{"@type":"Organization","@id":"https:\/\/www.stromosvet.sk\/en\/#organization","name":"Stromosvet","url":"https:\/\/www.stromosvet.sk\/en\/","logo":{"@type":"ImageObject","inLanguage":"en-US","@id":"https:\/\/www.stromosvet.sk\/en\/#\/schema\/logo\/image\/","url":"https:\/\/www.stromosvet.sk\/wp-content\/uploads\/2020\/01\/logo_cele_farebne.png","contentUrl":"https:\/\/www.stromosvet.sk\/wp-content\/uploads\/2020\/01\/logo_cele_farebne.png","width":2356,"height":1236,"caption":"Stromosvet"},"image":{"@id":"https:\/\/www.stromosvet.sk\/en\/#\/schema\/logo\/image\/"},"sameAs":["https:\/\/www.facebook.com\/stromosvet","https:\/\/www.instagram.com\/stromosvet","https:\/\/www.linkedin.com\/company\/stromosvet"]}]}},"_links":{"self":[{"href":"https:\/\/www.stromosvet.sk\/en\/wp-json\/wp\/v2\/pages\/4769","targetHints":{"allow":["GET"]}}],"collection":[{"href":"https:\/\/www.stromosvet.sk\/en\/wp-json\/wp\/v2\/pages"}],"about":[{"href":"https:\/\/www.stromosvet.sk\/en\/wp-json\/wp\/v2\/types\/page"}],"author":[{"embeddable":true,"href":"https:\/\/www.stromosvet.sk\/en\/wp-json\/wp\/v2\/users\/1"}],"replies":[{"embeddable":true,"href":"https:\/\/www.stromosvet.sk\/en\/wp-json\/wp\/v2\/comments?post=4769"}],"version-history":[{"count":6,"href":"https:\/\/www.stromosvet.sk\/en\/wp-json\/wp\/v2\/pages\/4769\/revisions"}],"predecessor-version":[{"id":4938,"href":"https:\/\/www.stromosvet.sk\/en\/wp-json\/wp\/v2\/pages\/4769\/revisions\/4938"}],"wp:attachment":[{"href":"https:\/\/www.stromosvet.sk\/en\/wp-json\/wp\/v2\/media?parent=4769"}],"curies":[{"name":"wp","href":"https:\/\/api.w.org\/{rel}","templated":true}]}}