{"id":4786,"date":"2020-02-27T23:18:33","date_gmt":"2020-02-27T22:18:33","guid":{"rendered":"https:\/\/www.stromosvet.sk\/recommended-articles-and-videos\/"},"modified":"2023-11-30T14:46:38","modified_gmt":"2023-11-30T13:46:38","slug":"recommended-articles-and-videos","status":"publish","type":"page","link":"https:\/\/www.stromosvet.sk\/en\/forest-bathing\/recommended-articles-and-videos\/","title":{"rendered":"Recommended articles and videos"},"content":{"rendered":"\n<p class=\"has-text-align-center\"><strong>Feeling sick, tired or tense? Try &#8220;forest bathing&#8221;<\/strong><br\/>Psychology Today<br\/>27.6.2022<br\/><a href=\"https:\/\/www.psychologytoday.com\/us\/blog\/i-hear-you\/202206\/feeling-sick-tired-or-tense-try-forest-bathing\">https:\/\/www.psychologytoday.com\/us\/blog\/i-hear-you\/202206\/feeling-sick-tired-or-tense-try-forest-bathing<\/a><\/p>\n\n<p class=\"has-text-align-center\"><strong>Getting outside to get well: Forest bathing and urban greenspaces<\/strong><br\/>Whole Health Psychology<br\/>27.1.2021<br\/><a href=\"https:\/\/wholehealthpsych.org\/2021\/01\/27\/get-outside\/\">https:\/\/wholehealthpsych.org\/2021\/01\/27\/get-outside\/<\/a><\/p>\n\n<p class=\"has-text-align-center\"><strong>Ecopsychology: How immersion in nature benefits your health<\/strong><br\/>Yale School of the Environment<br\/>9.1.2020<br\/><a href=\"https:\/\/e360.yale.edu\/features\/ecopsychology-how-immersion-in-nature-benefits-your-health\">https:\/\/e360.yale.edu\/features\/ecopsychology-how-immersion-in-nature-benefits-your-health<\/a><\/p>\n\n<p class=\"has-text-align-center\"><strong>Getting back to nature: how forest bathing can make us feel better <\/strong><br\/>The Guardian<br\/>8.6.2019<br\/><a href=\"https:\/\/www.theguardian.com\/environment\/2019\/jun\/08\/forest-bathing-japanese-practice-in-west-wellbeing\">https:\/\/www.theguardian.com\/environment\/2019\/jun\/08\/forest-bathing-japanese-practice-in-west-wellbeing<\/a> <\/p>\n\n<p class=\"has-text-align-center\"><strong>Why forest bathing is good for your health<\/strong><br\/>Mindful.org<br\/>10.9.2018<br\/><a href=\"https:\/\/www.mindful.org\/why-forest-bathing-is-good-for-your-health\/\">https:\/\/www.mindful.org\/why-forest-bathing-is-good-for-your-health\/<\/a> <\/p>\n\n<p class=\"has-text-align-center\"><strong>Potrebujete vypn\u00fa\u0165? Ok\u00fapte sa v atmosf\u00e9re lesa<\/strong><br\/>Fi\u010d\u00ed SME.sk<br\/>20.7.2018<br\/><a href=\"https:\/\/fici.sme.sk\/c\/20874252\/okupte-sa-v-atmosfere-lesa-japonsku-relaxacnu-techniku-mozno-dobre-poznate-aj-sami.html\">https:\/\/fici.sme.sk\/c\/20874252\/okupte-sa-v-atmosfere-lesa-japonsku-relaxacnu-techniku-mozno-dobre-poznate-aj-sami.html<\/a> <\/p>\n\n<p class=\"has-text-align-center\"><strong>Pr\u00edroda lie\u010di. \u010co v\u0161etko dok\u00e1\u017ee oby\u010dajn\u00e1 prech\u00e1dzka v lese?<\/strong><br\/>Magaz\u00edn Ak\u010dn\u00e9 \u017eeny.sk<br\/>6.10.2019<br\/><a href=\"https:\/\/akcnezeny.sk\/priroda-lieci-co-vsetko-dokaze-obycajna-prechadzka-v-prirode\/\">https:\/\/akcnezeny.sk\/priroda-lieci-co-vsetko-dokaze-obycajna-prechadzka-v-prirode\/<\/a><\/p>\n\n<p class=\"has-text-align-center\"><strong>Lesn\u00ed l\u00e1zn\u011b<\/strong><br\/><strong>A\u017e p\u0159\u00edli\u0161 \u010dasu tr\u00e1v\u00edme mezi \u010dty\u0159mi st\u011bnami. Co v\u0161echno n\u00e1m nab\u00edz\u00ed les? <\/strong> <br\/>Psychologie.cz<br\/>2.12.2019<br\/><a href=\"https:\/\/psychologie.cz\/lesni-lazne\/\">https:\/\/psychologie.cz\/lesni-lazne\/<\/a> <\/p>\n\n<p><br\/><\/p>\n\n<hr class=\"wp-block-separator has-text-color has-css-opacity has-background\" style=\"background-color:#8dc63f;color:#8dc63f\"\/>\n\n<p><br\/><\/p>\n\n<figure class=\"wp-block-embed aligncenter is-type-video is-provider-youtube wp-block-embed-youtube wp-embed-aspect-4-3 wp-has-aspect-ratio\"><div class=\"wp-block-embed__wrapper\">\n<iframe loading=\"lazy\" title=\"What is Japanese \u201cforest bathing\u201d and how can it improve your health\" width=\"500\" height=\"375\" src=\"https:\/\/www.youtube.com\/embed\/stuZaKB9j7I?feature=oembed\" frameborder=\"0\" allow=\"accelerometer; autoplay; clipboard-write; encrypted-media; gyroscope; picture-in-picture; web-share\" referrerpolicy=\"strict-origin-when-cross-origin\" allowfullscreen><\/iframe>\n<\/div><figcaption><strong> What is Japanese \u201cforest bathing\u201d and how can it improve your health<\/strong><br>World Economic Forum<\/figcaption><\/figure>\n\n<p><br\/><\/p>\n\n<figure class=\"wp-block-embed aligncenter is-type-video is-provider-youtube wp-block-embed-youtube wp-embed-aspect-16-9 wp-has-aspect-ratio\"><div class=\"wp-block-embed__wrapper\">\n<iframe loading=\"lazy\" title=\"Restore your brain with nature | David Strayer | TEDxManhattanBeach\" width=\"500\" height=\"281\" src=\"https:\/\/www.youtube.com\/embed\/_vRMRBxvtZA?feature=oembed\" frameborder=\"0\" allow=\"accelerometer; autoplay; clipboard-write; encrypted-media; gyroscope; picture-in-picture; web-share\" referrerpolicy=\"strict-origin-when-cross-origin\" allowfullscreen><\/iframe>\n<\/div><figcaption><strong>Restore your brain with nature<\/strong><br>David Strayer &#8211; Professor of Cognitive Neuroscience <\/figcaption><\/figure>\n\n<p><br\/><\/p>\n\n<figure class=\"wp-block-embed aligncenter is-type-video is-provider-youtube wp-block-embed-youtube wp-embed-aspect-16-9 wp-has-aspect-ratio\"><div class=\"wp-block-embed__wrapper\">\n<iframe loading=\"lazy\" title=\"Making Spaces of Awe and Restoration | Florence Williams | TEDxNavesink\" width=\"500\" height=\"281\" src=\"https:\/\/www.youtube.com\/embed\/bmmnEJ4rtCI?feature=oembed\" frameborder=\"0\" allow=\"accelerometer; autoplay; clipboard-write; encrypted-media; gyroscope; picture-in-picture; web-share\" referrerpolicy=\"strict-origin-when-cross-origin\" allowfullscreen><\/iframe>\n<\/div><figcaption> <strong>Making spaces of awe and restoration<\/strong><br> Florence Williams &#8211; Author of The Nature Fix<\/figcaption><\/figure>\n\n<p><br\/><\/p>\n\n<figure class=\"wp-block-embed is-type-video is-provider-youtube wp-block-embed-youtube wp-embed-aspect-16-9 wp-has-aspect-ratio\"><div class=\"wp-block-embed__wrapper\">\n<iframe loading=\"lazy\" title=\"Sir David Attenborough | Mental health and nature\" width=\"500\" height=\"281\" src=\"https:\/\/www.youtube.com\/embed\/h29z-l3XTlk?feature=oembed\" frameborder=\"0\" allow=\"accelerometer; autoplay; clipboard-write; encrypted-media; gyroscope; picture-in-picture; web-share\" referrerpolicy=\"strict-origin-when-cross-origin\" allowfullscreen><\/iframe>\n<\/div><figcaption><strong>Nature and mental health<\/strong><br>David Attenborough &amp; MIND &#8211; Mental Health Charity<\/figcaption><\/figure>\n\n<p><br\/><\/p>\n\n<figure class=\"wp-block-embed aligncenter is-type-video is-provider-youtube wp-block-embed-youtube wp-embed-aspect-16-9 wp-has-aspect-ratio\"><div class=\"wp-block-embed__wrapper\">\n<iframe loading=\"lazy\" title=\"Forests and Human Health\" width=\"500\" height=\"281\" src=\"https:\/\/www.youtube.com\/embed\/y6tpwoMGB4o?feature=oembed\" frameborder=\"0\" allow=\"accelerometer; autoplay; clipboard-write; encrypted-media; gyroscope; picture-in-picture; web-share\" referrerpolicy=\"strict-origin-when-cross-origin\" allowfullscreen><\/iframe>\n<\/div><figcaption><strong> Forests and human health<\/strong><br> FOREST EUROPE<\/figcaption><\/figure>\n\n<p><br\/><\/p>\n\n<figure class=\"wp-block-embed is-type-video is-provider-youtube wp-block-embed-youtube wp-embed-aspect-16-9 wp-has-aspect-ratio\"><div class=\"wp-block-embed__wrapper\">\n<iframe loading=\"lazy\" title=\"Mental Health Benefits of Getting Outside\" width=\"500\" height=\"281\" src=\"https:\/\/www.youtube.com\/embed\/RV5MEP3Bgkc?feature=oembed\" frameborder=\"0\" allow=\"accelerometer; autoplay; clipboard-write; encrypted-media; gyroscope; picture-in-picture; web-share\" referrerpolicy=\"strict-origin-when-cross-origin\" allowfullscreen><\/iframe>\n<\/div><figcaption><strong>Mental health benefits of getting outside<\/strong><br>UNC Health<\/figcaption><\/figure>\n\n<p><br\/><\/p>\n\n<p><\/p>\n","protected":false},"excerpt":{"rendered":"<p>Feeling sick, tired or tense? Try &#8220;forest bathing&#8221;Psychology Today27.6.2022https:\/\/www.psychologytoday.com\/us\/blog\/i-hear-you\/202206\/feeling-sick-tired-or-tense-try-forest-bathing Getting outside to get well: Forest bathing and urban greenspacesWhole Health Psychology27.1.2021https:\/\/wholehealthpsych.org\/2021\/01\/27\/get-outside\/ Ecopsychology: How immersion in nature benefits your healthYale School of the Environment9.1.2020https:\/\/e360.yale.edu\/features\/ecopsychology-how-immersion-in-nature-benefits-your-health Getting back to nature: how forest bathing can make us feel better The Guardian8.6.2019https:\/\/www.theguardian.com\/environment\/2019\/jun\/08\/forest-bathing-japanese-practice-in-west-wellbeing Why forest bathing is good for your healthMindful.org10.9.2018https:\/\/www.mindful.org\/why-forest-bathing-is-good-for-your-health\/ &hellip; <a href=\"https:\/\/www.stromosvet.sk\/en\/forest-bathing\/recommended-articles-and-videos\/\">Continued<\/a><\/p>\n","protected":false},"author":3,"featured_media":4765,"parent":4810,"menu_order":1,"comment_status":"closed","ping_status":"closed","template":"","meta":{"_acf_changed":false,"footnotes":""},"class_list":["post-4786","page","type-page","status-publish","has-post-thumbnail","hentry"],"acf":[],"yoast_head":"<!-- This site is optimized with the Yoast SEO plugin v27.4 - https:\/\/yoast.com\/product\/yoast-seo-wordpress\/ -->\n<title>Recommended articles and videos - Stromosvet<\/title>\n<meta name=\"description\" content=\"Other relevant information about forest bathing in the world - recommended articles and videos.\" \/>\n<meta name=\"robots\" content=\"index, follow, max-snippet:-1, max-image-preview:large, max-video-preview:-1\" \/>\n<link rel=\"canonical\" href=\"https:\/\/www.stromosvet.sk\/en\/forest-bathing\/recommended-articles-and-videos\/\" \/>\n<meta property=\"og:locale\" content=\"en_US\" \/>\n<meta property=\"og:type\" content=\"article\" \/>\n<meta property=\"og:title\" content=\"Recommended articles and videos - Stromosvet\" \/>\n<meta property=\"og:description\" content=\"Other relevant information about forest bathing in the world - recommended articles and videos.\" \/>\n<meta property=\"og:url\" content=\"https:\/\/www.stromosvet.sk\/en\/forest-bathing\/recommended-articles-and-videos\/\" \/>\n<meta property=\"og:site_name\" content=\"Stromosvet\" \/>\n<meta property=\"article:publisher\" content=\"https:\/\/www.facebook.com\/stromosvet\" \/>\n<meta property=\"article:modified_time\" content=\"2023-11-30T13:46:38+00:00\" \/>\n<meta property=\"og:image\" content=\"https:\/\/www.stromosvet.sk\/wp-content\/uploads\/2022\/07\/snail-g54a449362_1920.jpg\" \/>\n\t<meta property=\"og:image:width\" content=\"1920\" \/>\n\t<meta property=\"og:image:height\" content=\"1280\" \/>\n\t<meta property=\"og:image:type\" content=\"image\/jpeg\" \/>\n<meta name=\"twitter:card\" content=\"summary_large_image\" \/>\n<meta name=\"twitter:label1\" content=\"Est. reading time\" \/>\n\t<meta name=\"twitter:data1\" content=\"1 minute\" \/>\n<script type=\"application\/ld+json\" class=\"yoast-schema-graph\">{\"@context\":\"https:\\\/\\\/schema.org\",\"@graph\":[{\"@type\":\"WebPage\",\"@id\":\"https:\\\/\\\/www.stromosvet.sk\\\/en\\\/forest-bathing\\\/recommended-articles-and-videos\\\/\",\"url\":\"https:\\\/\\\/www.stromosvet.sk\\\/en\\\/forest-bathing\\\/recommended-articles-and-videos\\\/\",\"name\":\"Recommended articles and videos - Stromosvet\",\"isPartOf\":{\"@id\":\"https:\\\/\\\/www.stromosvet.sk\\\/en\\\/#website\"},\"primaryImageOfPage\":{\"@id\":\"https:\\\/\\\/www.stromosvet.sk\\\/en\\\/forest-bathing\\\/recommended-articles-and-videos\\\/#primaryimage\"},\"image\":{\"@id\":\"https:\\\/\\\/www.stromosvet.sk\\\/en\\\/forest-bathing\\\/recommended-articles-and-videos\\\/#primaryimage\"},\"thumbnailUrl\":\"https:\\\/\\\/www.stromosvet.sk\\\/wp-content\\\/uploads\\\/2022\\\/07\\\/snail-g54a449362_1920.jpg\",\"datePublished\":\"2020-02-27T22:18:33+00:00\",\"dateModified\":\"2023-11-30T13:46:38+00:00\",\"description\":\"Other relevant information about forest bathing in the world - recommended articles and videos.\",\"breadcrumb\":{\"@id\":\"https:\\\/\\\/www.stromosvet.sk\\\/en\\\/forest-bathing\\\/recommended-articles-and-videos\\\/#breadcrumb\"},\"inLanguage\":\"en-US\",\"potentialAction\":[{\"@type\":\"ReadAction\",\"target\":[\"https:\\\/\\\/www.stromosvet.sk\\\/en\\\/forest-bathing\\\/recommended-articles-and-videos\\\/\"]}]},{\"@type\":\"ImageObject\",\"inLanguage\":\"en-US\",\"@id\":\"https:\\\/\\\/www.stromosvet.sk\\\/en\\\/forest-bathing\\\/recommended-articles-and-videos\\\/#primaryimage\",\"url\":\"https:\\\/\\\/www.stromosvet.sk\\\/wp-content\\\/uploads\\\/2022\\\/07\\\/snail-g54a449362_1920.jpg\",\"contentUrl\":\"https:\\\/\\\/www.stromosvet.sk\\\/wp-content\\\/uploads\\\/2022\\\/07\\\/snail-g54a449362_1920.jpg\",\"width\":1920,\"height\":1280},{\"@type\":\"BreadcrumbList\",\"@id\":\"https:\\\/\\\/www.stromosvet.sk\\\/en\\\/forest-bathing\\\/recommended-articles-and-videos\\\/#breadcrumb\",\"itemListElement\":[{\"@type\":\"ListItem\",\"position\":1,\"name\":\"Home\",\"item\":\"https:\\\/\\\/www.stromosvet.sk\\\/en\\\/\"},{\"@type\":\"ListItem\",\"position\":2,\"name\":\"Forest bathing\",\"item\":\"https:\\\/\\\/www.stromosvet.sk\\\/en\\\/forest-bathing\\\/\"},{\"@type\":\"ListItem\",\"position\":3,\"name\":\"Recommended articles and videos\"}]},{\"@type\":\"WebSite\",\"@id\":\"https:\\\/\\\/www.stromosvet.sk\\\/en\\\/#website\",\"url\":\"https:\\\/\\\/www.stromosvet.sk\\\/en\\\/\",\"name\":\"Stromosvet\",\"description\":\"pre zdravie, pohodu a udr\u017eate\u013enos\u0165\",\"publisher\":{\"@id\":\"https:\\\/\\\/www.stromosvet.sk\\\/en\\\/#organization\"},\"potentialAction\":[{\"@type\":\"SearchAction\",\"target\":{\"@type\":\"EntryPoint\",\"urlTemplate\":\"https:\\\/\\\/www.stromosvet.sk\\\/en\\\/?s={search_term_string}\"},\"query-input\":{\"@type\":\"PropertyValueSpecification\",\"valueRequired\":true,\"valueName\":\"search_term_string\"}}],\"inLanguage\":\"en-US\"},{\"@type\":\"Organization\",\"@id\":\"https:\\\/\\\/www.stromosvet.sk\\\/en\\\/#organization\",\"name\":\"Stromosvet\",\"url\":\"https:\\\/\\\/www.stromosvet.sk\\\/en\\\/\",\"logo\":{\"@type\":\"ImageObject\",\"inLanguage\":\"en-US\",\"@id\":\"https:\\\/\\\/www.stromosvet.sk\\\/en\\\/#\\\/schema\\\/logo\\\/image\\\/\",\"url\":\"https:\\\/\\\/www.stromosvet.sk\\\/wp-content\\\/uploads\\\/2020\\\/01\\\/logo_cele_farebne.png\",\"contentUrl\":\"https:\\\/\\\/www.stromosvet.sk\\\/wp-content\\\/uploads\\\/2020\\\/01\\\/logo_cele_farebne.png\",\"width\":2356,\"height\":1236,\"caption\":\"Stromosvet\"},\"image\":{\"@id\":\"https:\\\/\\\/www.stromosvet.sk\\\/en\\\/#\\\/schema\\\/logo\\\/image\\\/\"},\"sameAs\":[\"https:\\\/\\\/www.facebook.com\\\/stromosvet\",\"https:\\\/\\\/www.instagram.com\\\/stromosvet\",\"https:\\\/\\\/www.linkedin.com\\\/company\\\/stromosvet\"]}]}<\/script>\n<!-- \/ Yoast SEO plugin. -->","yoast_head_json":{"title":"Recommended articles and videos - Stromosvet","description":"Other relevant information about forest bathing in the world - recommended articles and videos.","robots":{"index":"index","follow":"follow","max-snippet":"max-snippet:-1","max-image-preview":"max-image-preview:large","max-video-preview":"max-video-preview:-1"},"canonical":"https:\/\/www.stromosvet.sk\/en\/forest-bathing\/recommended-articles-and-videos\/","og_locale":"en_US","og_type":"article","og_title":"Recommended articles and videos - Stromosvet","og_description":"Other relevant information about forest bathing in the world - recommended articles and videos.","og_url":"https:\/\/www.stromosvet.sk\/en\/forest-bathing\/recommended-articles-and-videos\/","og_site_name":"Stromosvet","article_publisher":"https:\/\/www.facebook.com\/stromosvet","article_modified_time":"2023-11-30T13:46:38+00:00","og_image":[{"width":1920,"height":1280,"url":"https:\/\/www.stromosvet.sk\/wp-content\/uploads\/2022\/07\/snail-g54a449362_1920.jpg","type":"image\/jpeg"}],"twitter_card":"summary_large_image","twitter_misc":{"Est. reading time":"1 minute"},"schema":{"@context":"https:\/\/schema.org","@graph":[{"@type":"WebPage","@id":"https:\/\/www.stromosvet.sk\/en\/forest-bathing\/recommended-articles-and-videos\/","url":"https:\/\/www.stromosvet.sk\/en\/forest-bathing\/recommended-articles-and-videos\/","name":"Recommended articles and videos - Stromosvet","isPartOf":{"@id":"https:\/\/www.stromosvet.sk\/en\/#website"},"primaryImageOfPage":{"@id":"https:\/\/www.stromosvet.sk\/en\/forest-bathing\/recommended-articles-and-videos\/#primaryimage"},"image":{"@id":"https:\/\/www.stromosvet.sk\/en\/forest-bathing\/recommended-articles-and-videos\/#primaryimage"},"thumbnailUrl":"https:\/\/www.stromosvet.sk\/wp-content\/uploads\/2022\/07\/snail-g54a449362_1920.jpg","datePublished":"2020-02-27T22:18:33+00:00","dateModified":"2023-11-30T13:46:38+00:00","description":"Other relevant information about forest bathing in the world - recommended articles and videos.","breadcrumb":{"@id":"https:\/\/www.stromosvet.sk\/en\/forest-bathing\/recommended-articles-and-videos\/#breadcrumb"},"inLanguage":"en-US","potentialAction":[{"@type":"ReadAction","target":["https:\/\/www.stromosvet.sk\/en\/forest-bathing\/recommended-articles-and-videos\/"]}]},{"@type":"ImageObject","inLanguage":"en-US","@id":"https:\/\/www.stromosvet.sk\/en\/forest-bathing\/recommended-articles-and-videos\/#primaryimage","url":"https:\/\/www.stromosvet.sk\/wp-content\/uploads\/2022\/07\/snail-g54a449362_1920.jpg","contentUrl":"https:\/\/www.stromosvet.sk\/wp-content\/uploads\/2022\/07\/snail-g54a449362_1920.jpg","width":1920,"height":1280},{"@type":"BreadcrumbList","@id":"https:\/\/www.stromosvet.sk\/en\/forest-bathing\/recommended-articles-and-videos\/#breadcrumb","itemListElement":[{"@type":"ListItem","position":1,"name":"Home","item":"https:\/\/www.stromosvet.sk\/en\/"},{"@type":"ListItem","position":2,"name":"Forest bathing","item":"https:\/\/www.stromosvet.sk\/en\/forest-bathing\/"},{"@type":"ListItem","position":3,"name":"Recommended articles and videos"}]},{"@type":"WebSite","@id":"https:\/\/www.stromosvet.sk\/en\/#website","url":"https:\/\/www.stromosvet.sk\/en\/","name":"Stromosvet","description":"pre zdravie, pohodu a udr\u017eate\u013enos\u0165","publisher":{"@id":"https:\/\/www.stromosvet.sk\/en\/#organization"},"potentialAction":[{"@type":"SearchAction","target":{"@type":"EntryPoint","urlTemplate":"https:\/\/www.stromosvet.sk\/en\/?s={search_term_string}"},"query-input":{"@type":"PropertyValueSpecification","valueRequired":true,"valueName":"search_term_string"}}],"inLanguage":"en-US"},{"@type":"Organization","@id":"https:\/\/www.stromosvet.sk\/en\/#organization","name":"Stromosvet","url":"https:\/\/www.stromosvet.sk\/en\/","logo":{"@type":"ImageObject","inLanguage":"en-US","@id":"https:\/\/www.stromosvet.sk\/en\/#\/schema\/logo\/image\/","url":"https:\/\/www.stromosvet.sk\/wp-content\/uploads\/2020\/01\/logo_cele_farebne.png","contentUrl":"https:\/\/www.stromosvet.sk\/wp-content\/uploads\/2020\/01\/logo_cele_farebne.png","width":2356,"height":1236,"caption":"Stromosvet"},"image":{"@id":"https:\/\/www.stromosvet.sk\/en\/#\/schema\/logo\/image\/"},"sameAs":["https:\/\/www.facebook.com\/stromosvet","https:\/\/www.instagram.com\/stromosvet","https:\/\/www.linkedin.com\/company\/stromosvet"]}]}},"_links":{"self":[{"href":"https:\/\/www.stromosvet.sk\/en\/wp-json\/wp\/v2\/pages\/4786","targetHints":{"allow":["GET"]}}],"collection":[{"href":"https:\/\/www.stromosvet.sk\/en\/wp-json\/wp\/v2\/pages"}],"about":[{"href":"https:\/\/www.stromosvet.sk\/en\/wp-json\/wp\/v2\/types\/page"}],"author":[{"embeddable":true,"href":"https:\/\/www.stromosvet.sk\/en\/wp-json\/wp\/v2\/users\/3"}],"replies":[{"embeddable":true,"href":"https:\/\/www.stromosvet.sk\/en\/wp-json\/wp\/v2\/comments?post=4786"}],"version-history":[{"count":3,"href":"https:\/\/www.stromosvet.sk\/en\/wp-json\/wp\/v2\/pages\/4786\/revisions"}],"predecessor-version":[{"id":4870,"href":"https:\/\/www.stromosvet.sk\/en\/wp-json\/wp\/v2\/pages\/4786\/revisions\/4870"}],"up":[{"embeddable":true,"href":"https:\/\/www.stromosvet.sk\/en\/wp-json\/wp\/v2\/pages\/4810"}],"wp:featuredmedia":[{"embeddable":true,"href":"https:\/\/www.stromosvet.sk\/en\/wp-json\/wp\/v2\/media\/4765"}],"wp:attachment":[{"href":"https:\/\/www.stromosvet.sk\/en\/wp-json\/wp\/v2\/media?parent=4786"}],"curies":[{"name":"wp","href":"https:\/\/api.w.org\/{rel}","templated":true}]}}