{"id":4788,"date":"2020-02-17T15:32:51","date_gmt":"2020-02-17T14:32:51","guid":{"rendered":"https:\/\/www.stromosvet.sk\/photos\/"},"modified":"2023-12-01T12:33:42","modified_gmt":"2023-12-01T11:33:42","slug":"photos","status":"publish","type":"page","link":"https:\/\/www.stromosvet.sk\/en\/photos\/","title":{"rendered":"@photos"},"content":{"rendered":"\n<div class=\"wp-block-columns is-layout-flex wp-container-core-columns-is-layout-9d6595d7 wp-block-columns-is-layout-flex\">\n<div class=\"wp-block-column is-layout-flow wp-block-column-is-layout-flow\">\n<figure class=\"wp-block-image size-full\"><img decoding=\"async\" src=\"https:\/\/www.stromosvet.sk\/wp-content\/uploads\/2020\/02\/77053391_2775504739169098_1255689643819532288_n.jpg\" alt=\"\" class=\"wp-image-762\" width=\"NaN\" height=\"NaN\" srcset=\"https:\/\/www.stromosvet.sk\/wp-content\/uploads\/2020\/02\/77053391_2775504739169098_1255689643819532288_n.jpg 1920w, https:\/\/www.stromosvet.sk\/wp-content\/uploads\/2020\/02\/77053391_2775504739169098_1255689643819532288_n-300x200.jpg 300w, https:\/\/www.stromosvet.sk\/wp-content\/uploads\/2020\/02\/77053391_2775504739169098_1255689643819532288_n-1024x684.jpg 1024w, https:\/\/www.stromosvet.sk\/wp-content\/uploads\/2020\/02\/77053391_2775504739169098_1255689643819532288_n-768x513.jpg 768w, https:\/\/www.stromosvet.sk\/wp-content\/uploads\/2020\/02\/77053391_2775504739169098_1255689643819532288_n-1536x1026.jpg 1536w\" sizes=\"(max-width: 1920px) 100vw, 1920px\" \/><figcaption> <strong>\u00a9 <a href=\"https:\/\/www.stefancondik.com\/\">Stefan Condik Photography<\/a> <\/strong><\/figcaption><\/figure>\n<\/div>\n\n\n\n<div class=\"wp-block-column is-layout-flow wp-block-column-is-layout-flow\">\n<figure class=\"wp-block-image size-full\"><img decoding=\"async\" src=\"https:\/\/www.stromosvet.sk\/wp-content\/uploads\/2020\/02\/LESN&#xC9;-K&#xDA;PELE-75594409_1325679250947006_8478450950531448832_n.jpg\" alt=\"\" class=\"wp-image-758\" width=\"NaN\" height=\"NaN\"\/><figcaption> <strong>\u00a9 <a href=\"https:\/\/www.stefancondik.com\/\">Stefan Condik Photography<\/a> <\/strong><\/figcaption><\/figure>\n<\/div>\n\n\n\n<div class=\"wp-block-column is-layout-flow wp-block-column-is-layout-flow\">\n<figure class=\"wp-block-image size-full\"><img decoding=\"async\" src=\"https:\/\/www.stromosvet.sk\/wp-content\/uploads\/2020\/02\/74837467_2488826244773329_7604036918061301760_n.jpg\" alt=\"\" class=\"wp-image-761\" width=\"NaN\" height=\"NaN\" srcset=\"https:\/\/www.stromosvet.sk\/wp-content\/uploads\/2020\/02\/74837467_2488826244773329_7604036918061301760_n.jpg 1920w, https:\/\/www.stromosvet.sk\/wp-content\/uploads\/2020\/02\/74837467_2488826244773329_7604036918061301760_n-300x200.jpg 300w, https:\/\/www.stromosvet.sk\/wp-content\/uploads\/2020\/02\/74837467_2488826244773329_7604036918061301760_n-1024x684.jpg 1024w, https:\/\/www.stromosvet.sk\/wp-content\/uploads\/2020\/02\/74837467_2488826244773329_7604036918061301760_n-768x513.jpg 768w, https:\/\/www.stromosvet.sk\/wp-content\/uploads\/2020\/02\/74837467_2488826244773329_7604036918061301760_n-1536x1026.jpg 1536w\" sizes=\"(max-width: 1920px) 100vw, 1920px\" \/><figcaption><strong> \u00a9 <a href=\"https:\/\/www.stefancondik.com\/\">Stefan Condik Photography<\/a> <\/strong><\/figcaption><\/figure>\n<\/div>\n<\/div>\n\n<p><\/p>\n","protected":false},"excerpt":{"rendered":"","protected":false},"author":1,"featured_media":0,"parent":0,"menu_order":0,"comment_status":"closed","ping_status":"closed","template":"","meta":{"_acf_changed":false,"footnotes":""},"class_list":["post-4788","page","type-page","status-publish","hentry"],"acf":[],"yoast_head":"<!-- This site is optimized with the Yoast SEO plugin v27.5 - https:\/\/yoast.com\/product\/yoast-seo-wordpress\/ -->\n<title>@photos - Stromosvet<\/title>\n<meta name=\"robots\" content=\"index, follow, max-snippet:-1, max-image-preview:large, max-video-preview:-1\" \/>\n<link rel=\"canonical\" href=\"https:\/\/www.stromosvet.sk\/en\/photos\/\" \/>\n<meta property=\"og:locale\" content=\"en_US\" \/>\n<meta property=\"og:type\" content=\"article\" \/>\n<meta property=\"og:title\" content=\"@photos - Stromosvet\" \/>\n<meta property=\"og:url\" content=\"https:\/\/www.stromosvet.sk\/en\/photos\/\" \/>\n<meta property=\"og:site_name\" content=\"Stromosvet\" \/>\n<meta property=\"article:publisher\" content=\"https:\/\/www.facebook.com\/stromosvet\" \/>\n<meta property=\"article:modified_time\" content=\"2023-12-01T11:33:42+00:00\" \/>\n<meta property=\"og:image\" content=\"https:\/\/www.stromosvet.sk\/wp-content\/uploads\/2020\/02\/77053391_2775504739169098_1255689643819532288_n.jpg\" \/>\n<meta name=\"twitter:card\" content=\"summary_large_image\" \/>\n<script type=\"application\/ld+json\" class=\"yoast-schema-graph\">{\"@context\":\"https:\\\/\\\/schema.org\",\"@graph\":[{\"@type\":\"WebPage\",\"@id\":\"https:\\\/\\\/www.stromosvet.sk\\\/en\\\/photos\\\/\",\"url\":\"https:\\\/\\\/www.stromosvet.sk\\\/en\\\/photos\\\/\",\"name\":\"@photos - Stromosvet\",\"isPartOf\":{\"@id\":\"https:\\\/\\\/www.stromosvet.sk\\\/en\\\/#website\"},\"primaryImageOfPage\":{\"@id\":\"https:\\\/\\\/www.stromosvet.sk\\\/en\\\/photos\\\/#primaryimage\"},\"image\":{\"@id\":\"https:\\\/\\\/www.stromosvet.sk\\\/en\\\/photos\\\/#primaryimage\"},\"thumbnailUrl\":\"https:\\\/\\\/www.stromosvet.sk\\\/wp-content\\\/uploads\\\/2020\\\/02\\\/77053391_2775504739169098_1255689643819532288_n.jpg\",\"datePublished\":\"2020-02-17T14:32:51+00:00\",\"dateModified\":\"2023-12-01T11:33:42+00:00\",\"breadcrumb\":{\"@id\":\"https:\\\/\\\/www.stromosvet.sk\\\/en\\\/photos\\\/#breadcrumb\"},\"inLanguage\":\"en-US\",\"potentialAction\":[{\"@type\":\"ReadAction\",\"target\":[\"https:\\\/\\\/www.stromosvet.sk\\\/en\\\/photos\\\/\"]}]},{\"@type\":\"ImageObject\",\"inLanguage\":\"en-US\",\"@id\":\"https:\\\/\\\/www.stromosvet.sk\\\/en\\\/photos\\\/#primaryimage\",\"url\":\"https:\\\/\\\/www.stromosvet.sk\\\/wp-content\\\/uploads\\\/2020\\\/02\\\/77053391_2775504739169098_1255689643819532288_n.jpg\",\"contentUrl\":\"https:\\\/\\\/www.stromosvet.sk\\\/wp-content\\\/uploads\\\/2020\\\/02\\\/77053391_2775504739169098_1255689643819532288_n.jpg\"},{\"@type\":\"BreadcrumbList\",\"@id\":\"https:\\\/\\\/www.stromosvet.sk\\\/en\\\/photos\\\/#breadcrumb\",\"itemListElement\":[{\"@type\":\"ListItem\",\"position\":1,\"name\":\"Home\",\"item\":\"https:\\\/\\\/www.stromosvet.sk\\\/en\\\/\"},{\"@type\":\"ListItem\",\"position\":2,\"name\":\"@photos\"}]},{\"@type\":\"WebSite\",\"@id\":\"https:\\\/\\\/www.stromosvet.sk\\\/en\\\/#website\",\"url\":\"https:\\\/\\\/www.stromosvet.sk\\\/en\\\/\",\"name\":\"Stromosvet\",\"description\":\"pre zdravie, pohodu a udr\u017eate\u013enos\u0165\",\"publisher\":{\"@id\":\"https:\\\/\\\/www.stromosvet.sk\\\/en\\\/#organization\"},\"potentialAction\":[{\"@type\":\"SearchAction\",\"target\":{\"@type\":\"EntryPoint\",\"urlTemplate\":\"https:\\\/\\\/www.stromosvet.sk\\\/en\\\/?s={search_term_string}\"},\"query-input\":{\"@type\":\"PropertyValueSpecification\",\"valueRequired\":true,\"valueName\":\"search_term_string\"}}],\"inLanguage\":\"en-US\"},{\"@type\":\"Organization\",\"@id\":\"https:\\\/\\\/www.stromosvet.sk\\\/en\\\/#organization\",\"name\":\"Stromosvet\",\"url\":\"https:\\\/\\\/www.stromosvet.sk\\\/en\\\/\",\"logo\":{\"@type\":\"ImageObject\",\"inLanguage\":\"en-US\",\"@id\":\"https:\\\/\\\/www.stromosvet.sk\\\/en\\\/#\\\/schema\\\/logo\\\/image\\\/\",\"url\":\"https:\\\/\\\/www.stromosvet.sk\\\/wp-content\\\/uploads\\\/2020\\\/01\\\/logo_cele_farebne.png\",\"contentUrl\":\"https:\\\/\\\/www.stromosvet.sk\\\/wp-content\\\/uploads\\\/2020\\\/01\\\/logo_cele_farebne.png\",\"width\":2356,\"height\":1236,\"caption\":\"Stromosvet\"},\"image\":{\"@id\":\"https:\\\/\\\/www.stromosvet.sk\\\/en\\\/#\\\/schema\\\/logo\\\/image\\\/\"},\"sameAs\":[\"https:\\\/\\\/www.facebook.com\\\/stromosvet\",\"https:\\\/\\\/www.instagram.com\\\/stromosvet\",\"https:\\\/\\\/www.linkedin.com\\\/company\\\/stromosvet\"]}]}<\/script>\n<!-- \/ Yoast SEO plugin. -->","yoast_head_json":{"title":"@photos - Stromosvet","robots":{"index":"index","follow":"follow","max-snippet":"max-snippet:-1","max-image-preview":"max-image-preview:large","max-video-preview":"max-video-preview:-1"},"canonical":"https:\/\/www.stromosvet.sk\/en\/photos\/","og_locale":"en_US","og_type":"article","og_title":"@photos - Stromosvet","og_url":"https:\/\/www.stromosvet.sk\/en\/photos\/","og_site_name":"Stromosvet","article_publisher":"https:\/\/www.facebook.com\/stromosvet","article_modified_time":"2023-12-01T11:33:42+00:00","og_image":[{"url":"https:\/\/www.stromosvet.sk\/wp-content\/uploads\/2020\/02\/77053391_2775504739169098_1255689643819532288_n.jpg","type":"","width":"","height":""}],"twitter_card":"summary_large_image","schema":{"@context":"https:\/\/schema.org","@graph":[{"@type":"WebPage","@id":"https:\/\/www.stromosvet.sk\/en\/photos\/","url":"https:\/\/www.stromosvet.sk\/en\/photos\/","name":"@photos - Stromosvet","isPartOf":{"@id":"https:\/\/www.stromosvet.sk\/en\/#website"},"primaryImageOfPage":{"@id":"https:\/\/www.stromosvet.sk\/en\/photos\/#primaryimage"},"image":{"@id":"https:\/\/www.stromosvet.sk\/en\/photos\/#primaryimage"},"thumbnailUrl":"https:\/\/www.stromosvet.sk\/wp-content\/uploads\/2020\/02\/77053391_2775504739169098_1255689643819532288_n.jpg","datePublished":"2020-02-17T14:32:51+00:00","dateModified":"2023-12-01T11:33:42+00:00","breadcrumb":{"@id":"https:\/\/www.stromosvet.sk\/en\/photos\/#breadcrumb"},"inLanguage":"en-US","potentialAction":[{"@type":"ReadAction","target":["https:\/\/www.stromosvet.sk\/en\/photos\/"]}]},{"@type":"ImageObject","inLanguage":"en-US","@id":"https:\/\/www.stromosvet.sk\/en\/photos\/#primaryimage","url":"https:\/\/www.stromosvet.sk\/wp-content\/uploads\/2020\/02\/77053391_2775504739169098_1255689643819532288_n.jpg","contentUrl":"https:\/\/www.stromosvet.sk\/wp-content\/uploads\/2020\/02\/77053391_2775504739169098_1255689643819532288_n.jpg"},{"@type":"BreadcrumbList","@id":"https:\/\/www.stromosvet.sk\/en\/photos\/#breadcrumb","itemListElement":[{"@type":"ListItem","position":1,"name":"Home","item":"https:\/\/www.stromosvet.sk\/en\/"},{"@type":"ListItem","position":2,"name":"@photos"}]},{"@type":"WebSite","@id":"https:\/\/www.stromosvet.sk\/en\/#website","url":"https:\/\/www.stromosvet.sk\/en\/","name":"Stromosvet","description":"pre zdravie, pohodu a udr\u017eate\u013enos\u0165","publisher":{"@id":"https:\/\/www.stromosvet.sk\/en\/#organization"},"potentialAction":[{"@type":"SearchAction","target":{"@type":"EntryPoint","urlTemplate":"https:\/\/www.stromosvet.sk\/en\/?s={search_term_string}"},"query-input":{"@type":"PropertyValueSpecification","valueRequired":true,"valueName":"search_term_string"}}],"inLanguage":"en-US"},{"@type":"Organization","@id":"https:\/\/www.stromosvet.sk\/en\/#organization","name":"Stromosvet","url":"https:\/\/www.stromosvet.sk\/en\/","logo":{"@type":"ImageObject","inLanguage":"en-US","@id":"https:\/\/www.stromosvet.sk\/en\/#\/schema\/logo\/image\/","url":"https:\/\/www.stromosvet.sk\/wp-content\/uploads\/2020\/01\/logo_cele_farebne.png","contentUrl":"https:\/\/www.stromosvet.sk\/wp-content\/uploads\/2020\/01\/logo_cele_farebne.png","width":2356,"height":1236,"caption":"Stromosvet"},"image":{"@id":"https:\/\/www.stromosvet.sk\/en\/#\/schema\/logo\/image\/"},"sameAs":["https:\/\/www.facebook.com\/stromosvet","https:\/\/www.instagram.com\/stromosvet","https:\/\/www.linkedin.com\/company\/stromosvet"]}]}},"_links":{"self":[{"href":"https:\/\/www.stromosvet.sk\/en\/wp-json\/wp\/v2\/pages\/4788","targetHints":{"allow":["GET"]}}],"collection":[{"href":"https:\/\/www.stromosvet.sk\/en\/wp-json\/wp\/v2\/pages"}],"about":[{"href":"https:\/\/www.stromosvet.sk\/en\/wp-json\/wp\/v2\/types\/page"}],"author":[{"embeddable":true,"href":"https:\/\/www.stromosvet.sk\/en\/wp-json\/wp\/v2\/users\/1"}],"replies":[{"embeddable":true,"href":"https:\/\/www.stromosvet.sk\/en\/wp-json\/wp\/v2\/comments?post=4788"}],"version-history":[{"count":3,"href":"https:\/\/www.stromosvet.sk\/en\/wp-json\/wp\/v2\/pages\/4788\/revisions"}],"predecessor-version":[{"id":4872,"href":"https:\/\/www.stromosvet.sk\/en\/wp-json\/wp\/v2\/pages\/4788\/revisions\/4872"}],"wp:attachment":[{"href":"https:\/\/www.stromosvet.sk\/en\/wp-json\/wp\/v2\/media?parent=4788"}],"curies":[{"name":"wp","href":"https:\/\/api.w.org\/{rel}","templated":true}]}}