{"id":4823,"date":"2020-02-25T16:31:23","date_gmt":"2020-02-25T15:31:23","guid":{"rendered":"https:\/\/www.stromosvet.sk\/scientific-studies\/"},"modified":"2024-06-08T21:54:31","modified_gmt":"2024-06-08T19:54:31","slug":"scientific-studies","status":"publish","type":"page","link":"https:\/\/www.stromosvet.sk\/en\/scientific-studies\/","title":{"rendered":"Scientific studies"},"content":{"rendered":"\n<p><\/p>\n\n<div class=\"wp-block-columns is-layout-flex wp-container-core-columns-is-layout-9d6595d7 wp-block-columns-is-layout-flex\">\n<div class=\"wp-block-column is-layout-flow wp-block-column-is-layout-flow\"><\/div>\n<\/div>\n\n<h4 class=\"wp-block-heading has-text-align-left\" id=\"priroda-pre-zdravie\"><strong>Nature for health and well-being<\/strong><\/h4>\n\n<p><\/p>\n\n<p>\u25cf <strong><a href=\"https:\/\/www.sciencedirect.com\/science\/article\/pii\/S2352827321002093?via%3Dihub\">Nature-based outdoor activities for mental and physical health<\/a><\/strong> (2021)<\/p>\n\n<p>\u25cf <strong><a href=\"https:\/\/www.ncbi.nlm.nih.gov\/pmc\/articles\/PMC6656547\/\">Nature and mental health: An ecosystem service perspective<\/a><\/strong> (2019)<\/p>\n\n<p>\u25cf <a href=\"https:\/\/www.nature.com\/articles\/s41598-019-44097-3\"><strong>Two hours a week is key dose of nature for health and wellbeing<\/strong><\/a> (2019)<\/p>\n\n<p>\u25cf <strong><a href=\"https:\/\/www.sciencedirect.com\/science\/article\/abs\/pii\/S0169204615000286\">The benefits of nature experience: Improved affect and cognition<\/a><\/strong> (2015)<\/p>\n\n<p>\u25cf <strong><a href=\"https:\/\/www.ncbi.nlm.nih.gov\/pmc\/articles\/PMC4113871\/\">Emotional, restorative and vitalizing effects of forest<\/a><\/strong> (2014)<\/p>\n\n<p>\u25cf <strong><a href=\"https:\/\/www.sciencedirect.com\/science\/article\/abs\/pii\/S1618866714000028?via%3Dihub\">Restorative effects of visits to forest in patients with exhaustion disorder<\/a><\/strong> (2014)<\/p>\n\n<p>\u25cf <strong><a href=\"https:\/\/journals.plos.org\/plosone\/article?id=10.1371\/journal.pone.0051474\">Improving creative reasoning through immersion in natural settings<\/a><\/strong> (2012)<\/p>\n\n<p>\u25cf <strong><a href=\"https:\/\/www.ncbi.nlm.nih.gov\/pmc\/articles\/PMC3216244\/\">Effects of forest walking on the sleep<\/a><\/strong> (2011)<\/p>\n\n<p>\u25cf <strong><a href=\"https:\/\/www.ncbi.nlm.nih.gov\/pubmed\/21431424\">Effects of walking in forest on cardiovascular and metabolic parameters<\/a><\/strong> (2011)<\/p>\n\n<p>\u25cf <strong><a href=\"https:\/\/www.ncbi.nlm.nih.gov\/pmc\/articles\/PMC2793346\/\">The physiological effects of forest bathing<\/a><\/strong> (2010)<\/p>\n\n<p>\u25cf <strong><a href=\"https:\/\/www.ncbi.nlm.nih.gov\/pmc\/articles\/PMC2793341\/\">Effect of forest bathing trips on human immune function<\/a><\/strong> (2010)<\/p>\n\n<p>\u25cf <strong><a href=\"https:\/\/www.ncbi.nlm.nih.gov\/pubmed\/19121124\">The cognitive benefits of interacting with nature<\/a><\/strong> (2008)<\/p>\n\n<h4 class=\"wp-block-heading has-text-align-left\">Nature and children<\/h4>\n\n<p>\u25cf <strong><a href=\"https:\/\/www.sciencedaily.com\/releases\/2021\/09\/210929092631.htm\">Science backs nature as key to children\u2019s health<\/a><\/strong> (2021)<\/p>\n\n<p>\u25cf <a href=\"https:\/\/besjournals.onlinelibrary.wiley.com\/doi\/10.1002\/pan3.10270\"><strong>Children&#8217;s connection to nature during the lockdown period and implications for child well-being<\/strong><\/a> (2021)<\/p>\n\n<p>\u25cf <strong><a href=\"https:\/\/journals.plos.org\/plosone\/article?id=10.1371\/journal.pone.0237725\">Psychological impacts of \u201cscreen time\u201d and \u201cgreen time\u201d for children and adolescents<\/a><\/strong> (2020)<\/p>\n\n<p>\u25cf <a href=\"https:\/\/www.sciencedaily.com\/releases\/2019\/02\/190226112426.htm\"><strong>Being surrounded by green space in childhood may improve mental health of adults<\/strong><\/a> (2019)<\/p>\n\n<p>\u25cf <strong><a href=\"https:\/\/www.sciencedaily.com\/releases\/2021\/09\/210929092631.htm\">G<\/a> <a href=\"https:\/\/www.pnas.org\/content\/112\/26\/7937\">reen spaces and cognitive development in primary schoolchildren<\/a><\/strong> (2015)<\/p>\n\n<div class=\"wp-block-columns is-layout-flex wp-container-core-columns-is-layout-9d6595d7 wp-block-columns-is-layout-flex\">\n<div class=\"wp-block-column is-vertically-aligned-center is-layout-flow wp-block-column-is-layout-flow\">\n<hr class=\"wp-block-separator has-css-opacity is-style-wide\"\/>\n\n\n\n<p><\/p>\n<\/div>\n<\/div>\n\n<h4 class=\"wp-block-heading has-text-align-left\" id=\"zelen-v-meste\"><strong>Greenspace in cities for health and wellbeing<\/strong><\/h4>\n\n<p><\/p>\n\n<p>\u25cf <strong><a href=\"https:\/\/www.ncbi.nlm.nih.gov\/pmc\/articles\/PMC7345658\/\">Urban Trees and Human Health<\/a><\/strong> (2020)<\/p>\n\n<p>\u25cf <strong><a href=\"https:\/\/www.nature.com\/articles\/s41598-020-79924-5\">Urban street tree biodiversity and antidepressant prescriptions<\/a><\/strong> (2020)<\/p>\n\n<p>\u25cf <a href=\"https:\/\/www.sciencedirect.com\/science\/article\/abs\/pii\/S0169204619303871\"><strong>The good things in urban nature: A thematic framework for optimising urban planning for nature connectedness<\/strong><\/a> (2020)<\/p>\n\n<p>\u25cf <a href=\"https:\/\/www.sciencedaily.com\/releases\/2019\/07\/190724155935.htm\"><strong>How to consider nature&#8217;s impact on mental health in city plans<\/strong><\/a> (2019)<\/p>\n\n<p>\u25cf <a href=\"https:\/\/www.sciencedirect.com\/science\/article\/abs\/pii\/S0272494413000959\"><strong>The influence of urban green environments on stress relief measures<\/strong><\/a> (2014)<\/p>\n\n<p>\u25cf <strong><a href=\"https:\/\/www.ncbi.nlm.nih.gov\/pmc\/articles\/PMC2566234\/\">Green space, urbanity, and health: how strong is the relation?<\/a><\/strong> (2006)<\/p>\n\n<p>\u25cf <strong><a href=\"https:\/\/www.ncbi.nlm.nih.gov\/pubmed\/6143402\">View through a window may influence recovery from surgery<\/a><\/strong> (1984)<\/p>\n\n<p><\/p>\n\n<div class=\"wp-block-columns is-layout-flex wp-container-core-columns-is-layout-9d6595d7 wp-block-columns-is-layout-flex\">\n<div class=\"wp-block-column is-layout-flow wp-block-column-is-layout-flow\" style=\"flex-basis:100%\">\n<hr class=\"wp-block-separator has-css-opacity is-style-wide\"\/>\n\n\n\n<p><\/p>\n<\/div>\n<\/div>\n\n<h4 class=\"wp-block-heading has-text-align-left\" id=\"spojenie-s-prirodou\"><strong>Nature connection for sustainability<\/strong><\/h4>\n\n<p><\/p>\n\n<p>\u25cf <a href=\"https:\/\/www.sciencedirect.com\/science\/article\/pii\/S0006320722003950\"><strong>Psychological and physical connections with nature improve both human well-being and nature conservation<\/strong><\/a> (2022)<\/p>\n\n<p>\u25cf <a href=\"https:\/\/www.mdpi.com\/2071-1050\/14\/19\/12494\"><strong>Improving Nature Connectedness in Adults: A Meta-Analysis, Review and Agenda<\/strong><\/a> (2022)<\/p>\n\n<p>\u25cf <strong><a href=\"https:\/\/www.tandfonline.com\/doi\/full\/10.1080\/26395916.2020.1844296\">Applying the pathways to nature connectedness at a societal scale: a leverage points perspective<\/a><\/strong> (2021)<\/p>\n\n<p>\u25cf <a href=\"https:\/\/besjournals.onlinelibrary.wiley.com\/doi\/full\/10.1002\/pan3.10117\"><strong>How nature connectedness and simple activ<\/strong><\/a><strong><a href=\"https:\/\/besjournals.onlinelibrary.wiley.com\/doi\/full\/10.1002\/pan3.10117\">i<\/a><\/strong><a href=\"https:\/\/besjournals.onlinelibrary.wiley.com\/doi\/full\/10.1002\/pan3.10117\"><strong>ties help explain pro\u2010nature conservation behaviours<\/strong><\/a> (2020)<\/p>\n\n<p>\u25cf <strong><a href=\"https:\/\/www.sciencedirect.com\/science\/article\/abs\/pii\/S0272494419301185?via%3Dihub\">Nature connectedness and associations with health, wellbeing and pro-environmental behaviours<\/a><\/strong> (2020)<\/p>\n\n<p>\u25cf <a href=\"https:\/\/www.sciencedirect.com\/science\/article\/pii\/S0160412019313492?via%3Dihub\"><strong>Associations between pro-environmental behaviour and neighbourhood nature, nature visit frequency and nature appreciation<\/strong><\/a> (2020)<\/p>\n\n<p>\u25cf <a href=\"https:\/\/www.sciencedirect.com\/science\/article\/abs\/pii\/S0272494418308557\"><strong>\u25cf Do people who feel connected to nature do more to protect it? A meta-analysis<\/strong><\/a>  (2019)<\/p>\n\n<p>\u25cf <strong><a href=\"https:\/\/link.springer.com\/article\/10.1007\/s11625-018-0542-9\">Reconnecting with nature for sustainability<\/a><\/strong> (2018)<\/p>\n\n<p>\u25cf <a href=\"https:\/\/journals.plos.org\/plosone\/article?id=10.1371\/journal.pone.0177186\"><strong>Beyond knowing nature: Contact, emotion, compassion, meaning, and beauty are pathways to nature connection<\/strong><\/a> (2017)<\/p>\n\n<div class=\"wp-block-columns is-layout-flex wp-container-core-columns-is-layout-9d6595d7 wp-block-columns-is-layout-flex\">\n<div class=\"wp-block-column is-layout-flow wp-block-column-is-layout-flow\" style=\"flex-basis:100%\">\n<hr class=\"wp-block-separator has-css-opacity is-style-wide\"\/>\n\n\n\n<p><\/p>\n<\/div>\n<\/div>\n\n<h4 class=\"wp-block-heading has-text-align-left\" id=\"biodiverzita-klima-a-zdravie\"><strong><strong>Biodiversity, climate change and health<\/strong><\/strong><\/h4>\n\n<p><\/p>\n\n<p>\u25cf <a href=\"https:\/\/link.springer.com\/article\/10.1007\/s40572-021-00313-9\"><strong>Biodiversity and Health in the Urban Environment<\/strong><\/a> (2021)<\/p>\n\n<p>\u25cf <a href=\"https:\/\/www.sciencedirect.com\/science\/article\/pii\/S0160412021000441\"><strong>Pathways linking biodiversity to human health: A conceptual framework<\/strong><\/a> (2021)<\/p>\n\n<p>\u25cf <strong><a href=\"https:\/\/www.ncbi.nlm.nih.gov\/pmc\/articles\/PMC8191619\/\">Health effects of climate change: an overview of systematic reviews<\/a><\/strong> (2021)<\/p>\n\n<p>\u25cf <a href=\"https:\/\/www.sciencedirect.com\/science\/article\/pii\/S0169204621000475\"><strong>Species richness is positively related to mental health<\/strong><\/a> (2021)<\/p>\n\n<p>\u25cf <a href=\"https:\/\/link.springer.com\/chapter\/10.1007\/978-3-030-02318-8_1\"><strong>Biodiversity and health in the face of climate change: Challenges, opportunities and evidence gaps<\/strong><\/a> (2019)<\/p>\n\n<p>\u25cf <strong><a href=\"https:\/\/link.springer.com\/chapter\/10.1007\/978-3-030-02318-8_9\">Review of the mental health and well-being benefits of biodiversity<\/a><\/strong> (2019)<\/p>\n\n<p>\u25cf <a href=\"https:\/\/academic.oup.com\/bmb\/article\/127\/1\/5\/5051732\"><strong>Biodiversity and human health: mechanisms and evidence of the positive health effects of diversity in nature and green spaces<\/strong><\/a> (2018)<\/p>\n\n<p><\/p>\n\n<p><br\/><\/p>\n","protected":false},"excerpt":{"rendered":"<p>Nature for health and well-being \u25cf Nature-based outdoor activities for mental and physical health (2021) \u25cf Nature and mental health: An ecosystem service perspective (2019) \u25cf Two hours a week is key dose of nature for health and wellbeing (2019) \u25cf The benefits of nature experience: Improved affect and cognition (2015) \u25cf Emotional, restorative and &hellip; <a href=\"https:\/\/www.stromosvet.sk\/en\/scientific-studies\/\">Continued<\/a><\/p>\n","protected":false},"author":4,"featured_media":4759,"parent":0,"menu_order":0,"comment_status":"closed","ping_status":"closed","template":"","meta":{"_acf_changed":false,"footnotes":""},"class_list":["post-4823","page","type-page","status-publish","has-post-thumbnail","hentry"],"acf":[],"yoast_head":"<!-- This site is optimized with the Yoast SEO plugin v27.4 - https:\/\/yoast.com\/product\/yoast-seo-wordpress\/ -->\n<title>Scientific studies - Stromosvet<\/title>\n<meta name=\"description\" content=\"Links to research studies\" \/>\n<meta name=\"robots\" content=\"index, follow, max-snippet:-1, max-image-preview:large, max-video-preview:-1\" \/>\n<link rel=\"canonical\" href=\"https:\/\/www.stromosvet.sk\/en\/scientific-studies\/\" \/>\n<meta property=\"og:locale\" content=\"en_US\" \/>\n<meta property=\"og:type\" content=\"article\" \/>\n<meta property=\"og:title\" content=\"Scientific studies - Stromosvet\" \/>\n<meta property=\"og:description\" content=\"Links to research studies\" \/>\n<meta property=\"og:url\" content=\"https:\/\/www.stromosvet.sk\/en\/scientific-studies\/\" \/>\n<meta property=\"og:site_name\" content=\"Stromosvet\" \/>\n<meta property=\"article:publisher\" content=\"https:\/\/www.facebook.com\/stromosvet\" \/>\n<meta property=\"article:modified_time\" content=\"2024-06-08T19:54:31+00:00\" \/>\n<meta property=\"og:image\" content=\"https:\/\/www.stromosvet.sk\/wp-content\/uploads\/2021\/10\/grass-gb17b49b1f_1920.jpg\" \/>\n\t<meta property=\"og:image:width\" content=\"1920\" \/>\n\t<meta property=\"og:image:height\" content=\"1278\" \/>\n\t<meta property=\"og:image:type\" content=\"image\/jpeg\" \/>\n<meta name=\"twitter:card\" content=\"summary_large_image\" \/>\n<meta name=\"twitter:label1\" content=\"Est. reading time\" \/>\n\t<meta name=\"twitter:data1\" content=\"2 minutes\" \/>\n<script type=\"application\/ld+json\" class=\"yoast-schema-graph\">{\"@context\":\"https:\\\/\\\/schema.org\",\"@graph\":[{\"@type\":\"WebPage\",\"@id\":\"https:\\\/\\\/www.stromosvet.sk\\\/en\\\/scientific-studies\\\/\",\"url\":\"https:\\\/\\\/www.stromosvet.sk\\\/en\\\/scientific-studies\\\/\",\"name\":\"Scientific studies - Stromosvet\",\"isPartOf\":{\"@id\":\"https:\\\/\\\/www.stromosvet.sk\\\/en\\\/#website\"},\"primaryImageOfPage\":{\"@id\":\"https:\\\/\\\/www.stromosvet.sk\\\/en\\\/scientific-studies\\\/#primaryimage\"},\"image\":{\"@id\":\"https:\\\/\\\/www.stromosvet.sk\\\/en\\\/scientific-studies\\\/#primaryimage\"},\"thumbnailUrl\":\"https:\\\/\\\/www.stromosvet.sk\\\/wp-content\\\/uploads\\\/2021\\\/10\\\/grass-gb17b49b1f_1920.jpg\",\"datePublished\":\"2020-02-25T15:31:23+00:00\",\"dateModified\":\"2024-06-08T19:54:31+00:00\",\"description\":\"Links to research studies\",\"breadcrumb\":{\"@id\":\"https:\\\/\\\/www.stromosvet.sk\\\/en\\\/scientific-studies\\\/#breadcrumb\"},\"inLanguage\":\"en-US\",\"potentialAction\":[{\"@type\":\"ReadAction\",\"target\":[\"https:\\\/\\\/www.stromosvet.sk\\\/en\\\/scientific-studies\\\/\"]}]},{\"@type\":\"ImageObject\",\"inLanguage\":\"en-US\",\"@id\":\"https:\\\/\\\/www.stromosvet.sk\\\/en\\\/scientific-studies\\\/#primaryimage\",\"url\":\"https:\\\/\\\/www.stromosvet.sk\\\/wp-content\\\/uploads\\\/2021\\\/10\\\/grass-gb17b49b1f_1920.jpg\",\"contentUrl\":\"https:\\\/\\\/www.stromosvet.sk\\\/wp-content\\\/uploads\\\/2021\\\/10\\\/grass-gb17b49b1f_1920.jpg\",\"width\":1920,\"height\":1278},{\"@type\":\"BreadcrumbList\",\"@id\":\"https:\\\/\\\/www.stromosvet.sk\\\/en\\\/scientific-studies\\\/#breadcrumb\",\"itemListElement\":[{\"@type\":\"ListItem\",\"position\":1,\"name\":\"Home\",\"item\":\"https:\\\/\\\/www.stromosvet.sk\\\/en\\\/\"},{\"@type\":\"ListItem\",\"position\":2,\"name\":\"Scientific studies\"}]},{\"@type\":\"WebSite\",\"@id\":\"https:\\\/\\\/www.stromosvet.sk\\\/en\\\/#website\",\"url\":\"https:\\\/\\\/www.stromosvet.sk\\\/en\\\/\",\"name\":\"Stromosvet\",\"description\":\"pre zdravie, pohodu a udr\u017eate\u013enos\u0165\",\"publisher\":{\"@id\":\"https:\\\/\\\/www.stromosvet.sk\\\/en\\\/#organization\"},\"potentialAction\":[{\"@type\":\"SearchAction\",\"target\":{\"@type\":\"EntryPoint\",\"urlTemplate\":\"https:\\\/\\\/www.stromosvet.sk\\\/en\\\/?s={search_term_string}\"},\"query-input\":{\"@type\":\"PropertyValueSpecification\",\"valueRequired\":true,\"valueName\":\"search_term_string\"}}],\"inLanguage\":\"en-US\"},{\"@type\":\"Organization\",\"@id\":\"https:\\\/\\\/www.stromosvet.sk\\\/en\\\/#organization\",\"name\":\"Stromosvet\",\"url\":\"https:\\\/\\\/www.stromosvet.sk\\\/en\\\/\",\"logo\":{\"@type\":\"ImageObject\",\"inLanguage\":\"en-US\",\"@id\":\"https:\\\/\\\/www.stromosvet.sk\\\/en\\\/#\\\/schema\\\/logo\\\/image\\\/\",\"url\":\"https:\\\/\\\/www.stromosvet.sk\\\/wp-content\\\/uploads\\\/2020\\\/01\\\/logo_cele_farebne.png\",\"contentUrl\":\"https:\\\/\\\/www.stromosvet.sk\\\/wp-content\\\/uploads\\\/2020\\\/01\\\/logo_cele_farebne.png\",\"width\":2356,\"height\":1236,\"caption\":\"Stromosvet\"},\"image\":{\"@id\":\"https:\\\/\\\/www.stromosvet.sk\\\/en\\\/#\\\/schema\\\/logo\\\/image\\\/\"},\"sameAs\":[\"https:\\\/\\\/www.facebook.com\\\/stromosvet\",\"https:\\\/\\\/www.instagram.com\\\/stromosvet\",\"https:\\\/\\\/www.linkedin.com\\\/company\\\/stromosvet\"]}]}<\/script>\n<!-- \/ Yoast SEO plugin. -->","yoast_head_json":{"title":"Scientific studies - Stromosvet","description":"Links to research studies","robots":{"index":"index","follow":"follow","max-snippet":"max-snippet:-1","max-image-preview":"max-image-preview:large","max-video-preview":"max-video-preview:-1"},"canonical":"https:\/\/www.stromosvet.sk\/en\/scientific-studies\/","og_locale":"en_US","og_type":"article","og_title":"Scientific studies - Stromosvet","og_description":"Links to research studies","og_url":"https:\/\/www.stromosvet.sk\/en\/scientific-studies\/","og_site_name":"Stromosvet","article_publisher":"https:\/\/www.facebook.com\/stromosvet","article_modified_time":"2024-06-08T19:54:31+00:00","og_image":[{"width":1920,"height":1278,"url":"https:\/\/www.stromosvet.sk\/wp-content\/uploads\/2021\/10\/grass-gb17b49b1f_1920.jpg","type":"image\/jpeg"}],"twitter_card":"summary_large_image","twitter_misc":{"Est. reading time":"2 minutes"},"schema":{"@context":"https:\/\/schema.org","@graph":[{"@type":"WebPage","@id":"https:\/\/www.stromosvet.sk\/en\/scientific-studies\/","url":"https:\/\/www.stromosvet.sk\/en\/scientific-studies\/","name":"Scientific studies - Stromosvet","isPartOf":{"@id":"https:\/\/www.stromosvet.sk\/en\/#website"},"primaryImageOfPage":{"@id":"https:\/\/www.stromosvet.sk\/en\/scientific-studies\/#primaryimage"},"image":{"@id":"https:\/\/www.stromosvet.sk\/en\/scientific-studies\/#primaryimage"},"thumbnailUrl":"https:\/\/www.stromosvet.sk\/wp-content\/uploads\/2021\/10\/grass-gb17b49b1f_1920.jpg","datePublished":"2020-02-25T15:31:23+00:00","dateModified":"2024-06-08T19:54:31+00:00","description":"Links to research studies","breadcrumb":{"@id":"https:\/\/www.stromosvet.sk\/en\/scientific-studies\/#breadcrumb"},"inLanguage":"en-US","potentialAction":[{"@type":"ReadAction","target":["https:\/\/www.stromosvet.sk\/en\/scientific-studies\/"]}]},{"@type":"ImageObject","inLanguage":"en-US","@id":"https:\/\/www.stromosvet.sk\/en\/scientific-studies\/#primaryimage","url":"https:\/\/www.stromosvet.sk\/wp-content\/uploads\/2021\/10\/grass-gb17b49b1f_1920.jpg","contentUrl":"https:\/\/www.stromosvet.sk\/wp-content\/uploads\/2021\/10\/grass-gb17b49b1f_1920.jpg","width":1920,"height":1278},{"@type":"BreadcrumbList","@id":"https:\/\/www.stromosvet.sk\/en\/scientific-studies\/#breadcrumb","itemListElement":[{"@type":"ListItem","position":1,"name":"Home","item":"https:\/\/www.stromosvet.sk\/en\/"},{"@type":"ListItem","position":2,"name":"Scientific studies"}]},{"@type":"WebSite","@id":"https:\/\/www.stromosvet.sk\/en\/#website","url":"https:\/\/www.stromosvet.sk\/en\/","name":"Stromosvet","description":"pre zdravie, pohodu a udr\u017eate\u013enos\u0165","publisher":{"@id":"https:\/\/www.stromosvet.sk\/en\/#organization"},"potentialAction":[{"@type":"SearchAction","target":{"@type":"EntryPoint","urlTemplate":"https:\/\/www.stromosvet.sk\/en\/?s={search_term_string}"},"query-input":{"@type":"PropertyValueSpecification","valueRequired":true,"valueName":"search_term_string"}}],"inLanguage":"en-US"},{"@type":"Organization","@id":"https:\/\/www.stromosvet.sk\/en\/#organization","name":"Stromosvet","url":"https:\/\/www.stromosvet.sk\/en\/","logo":{"@type":"ImageObject","inLanguage":"en-US","@id":"https:\/\/www.stromosvet.sk\/en\/#\/schema\/logo\/image\/","url":"https:\/\/www.stromosvet.sk\/wp-content\/uploads\/2020\/01\/logo_cele_farebne.png","contentUrl":"https:\/\/www.stromosvet.sk\/wp-content\/uploads\/2020\/01\/logo_cele_farebne.png","width":2356,"height":1236,"caption":"Stromosvet"},"image":{"@id":"https:\/\/www.stromosvet.sk\/en\/#\/schema\/logo\/image\/"},"sameAs":["https:\/\/www.facebook.com\/stromosvet","https:\/\/www.instagram.com\/stromosvet","https:\/\/www.linkedin.com\/company\/stromosvet"]}]}},"_links":{"self":[{"href":"https:\/\/www.stromosvet.sk\/en\/wp-json\/wp\/v2\/pages\/4823","targetHints":{"allow":["GET"]}}],"collection":[{"href":"https:\/\/www.stromosvet.sk\/en\/wp-json\/wp\/v2\/pages"}],"about":[{"href":"https:\/\/www.stromosvet.sk\/en\/wp-json\/wp\/v2\/types\/page"}],"author":[{"embeddable":true,"href":"https:\/\/www.stromosvet.sk\/en\/wp-json\/wp\/v2\/users\/4"}],"replies":[{"embeddable":true,"href":"https:\/\/www.stromosvet.sk\/en\/wp-json\/wp\/v2\/comments?post=4823"}],"version-history":[{"count":2,"href":"https:\/\/www.stromosvet.sk\/en\/wp-json\/wp\/v2\/pages\/4823\/revisions"}],"predecessor-version":[{"id":4997,"href":"https:\/\/www.stromosvet.sk\/en\/wp-json\/wp\/v2\/pages\/4823\/revisions\/4997"}],"wp:featuredmedia":[{"embeddable":true,"href":"https:\/\/www.stromosvet.sk\/en\/wp-json\/wp\/v2\/media\/4759"}],"wp:attachment":[{"href":"https:\/\/www.stromosvet.sk\/en\/wp-json\/wp\/v2\/media?parent=4823"}],"curies":[{"name":"wp","href":"https:\/\/api.w.org\/{rel}","templated":true}]}}